{"id":70,"date":"2022-12-26T16:55:45","date_gmt":"2022-12-26T15:55:45","guid":{"rendered":"https:\/\/24hr-fitness.eu\/?page_id=70"},"modified":"2023-09-25T09:18:32","modified_gmt":"2023-09-25T07:18:32","slug":"lower-body","status":"publish","type":"page","link":"https:\/\/24hr-fitness.eu\/sk\/our-equipment\/lower-body\/","title":{"rendered":"<p>Doln\u00e1 \u010das\u0165 tela<\/p>"},"content":{"rendered":"<div data-elementor-type=\"wp-page\" data-elementor-id=\"70\" class=\"elementor elementor-70\">\n\t\t\t\t\t\t\t\t\t<section class=\"elementor-section elementor-top-section elementor-element elementor-element-f2a65a8 elementor-section-boxed elementor-section-height-default elementor-section-height-default wpr-particle-no wpr-jarallax-no wpr-parallax-no wpr-sticky-section-no\" data-id=\"f2a65a8\" data-element_type=\"section\">\n\t\t\t\t\t\t<div class=\"elementor-container elementor-column-gap-default\">\n\t\t\t\t\t<div class=\"elementor-column elementor-col-100 elementor-top-column elementor-element elementor-element-15bff22\" data-id=\"15bff22\" data-element_type=\"column\">\n\t\t\t<div class=\"elementor-widget-wrap elementor-element-populated\">\n\t\t\t\t\t\t\t\t<div class=\"elementor-element elementor-element-c015c16 elementor-widget elementor-widget-heading\" data-id=\"c015c16\" data-element_type=\"widget\" data-widget_type=\"heading.default\">\n\t\t\t\t<div class=\"elementor-widget-container\">\n\t\t\t<style>\/*! elementor - v3.17.0 - 08-11-2023 *\/\n.elementor-heading-title{padding:0;margin:0;line-height:1}.elementor-widget-heading .elementor-heading-title[class*=elementor-size-]>a{color:inherit;font-size:inherit;line-height:inherit}.elementor-widget-heading .elementor-heading-title.elementor-size-small{font-size:15px}.elementor-widget-heading .elementor-heading-title.elementor-size-medium{font-size:19px}.elementor-widget-heading .elementor-heading-title.elementor-size-large{font-size:29px}.elementor-widget-heading .elementor-heading-title.elementor-size-xl{font-size:39px}.elementor-widget-heading .elementor-heading-title.elementor-size-xxl{font-size:59px}<\/style><h1 class=\"elementor-heading-title elementor-size-xxl\">LOWER BODY EQUIPMENT<\/h1>\t\t<\/div>\n\t\t\t\t<\/div>\n\t\t\t\t\t<\/div>\n\t\t<\/div>\n\t\t\t\t\t\t\t<\/div>\n\t\t<\/section>\n\t\t\t\t<section class=\"elementor-section elementor-top-section elementor-element elementor-element-71950ec elementor-section-stretched elementor-section-boxed elementor-section-height-default elementor-section-height-default wpr-particle-no wpr-jarallax-no wpr-parallax-no wpr-sticky-section-no\" data-id=\"71950ec\" data-element_type=\"section\" data-settings='{\"stretch_section\":\"section-stretched\"}'>\n\t\t\t\t\t\t<div class=\"elementor-container elementor-column-gap-narrow\">\n\t\t\t\t\t<div class=\"elementor-column elementor-col-25 elementor-top-column elementor-element elementor-element-8f674b7\" data-id=\"8f674b7\" data-element_type=\"column\">\n\t\t\t<div class=\"elementor-widget-wrap elementor-element-populated\">\n\t\t\t\t\t\t\t\t<div class=\"elementor-element elementor-element-9931419 elementor-widget elementor-widget-heading\" data-id=\"9931419\" data-element_type=\"widget\" data-widget_type=\"heading.default\">\n\t\t\t\t<div class=\"elementor-widget-container\">\n\t\t\t<h2 class=\"elementor-heading-title elementor-size-default\">CALF PRESS<\/h2>\t\t<\/div>\n\t\t\t\t<\/div>\n\t\t\t\t<div class=\"elementor-element elementor-element-462ab3f elementor-widget elementor-widget-image\" data-id=\"462ab3f\" data-element_type=\"widget\" data-widget_type=\"image.default\">\n\t\t\t\t<div class=\"elementor-widget-container\">\n\t\t\t<style>\/*! elementor - v3.17.0 - 08-11-2023 *\/\n.elementor-widget-image{text-align:center}.elementor-widget-image a{display:inline-block}.elementor-widget-image a img[src$=\".svg\"]{width:48px}.elementor-widget-image img{vertical-align:middle;display:inline-block}<\/style>\t\t\t\t\t\t\t\t\t\t\t\t<img loading=\"lazy\" decoding=\"async\" width=\"397\" height=\"403\" src=\"https:\/\/24hr-fitness.eu\/wp-content\/uploads\/2022\/12\/CalfPress.jpg\" class=\"attachment-large size-large wp-image-334\" alt=\"\" srcset=\"https:\/\/24hr-fitness.eu\/wp-content\/uploads\/2022\/12\/CalfPress.jpg 397w, https:\/\/24hr-fitness.eu\/wp-content\/uploads\/2022\/12\/CalfPress-296x300.jpg 296w, https:\/\/24hr-fitness.eu\/wp-content\/uploads\/2022\/12\/CalfPress-12x12.jpg 12w, https:\/\/24hr-fitness.eu\/wp-content\/uploads\/2022\/12\/CalfPress-1x1.jpg 1w\" sizes=\"(max-width: 397px) 100vw, 397px\">\t\t\t\t\t\t\t\t\t\t\t\t\t\t\t<\/div>\n\t\t\t\t<\/div>\n\t\t\t\t<div class=\"elementor-element elementor-element-8b1fad8 elementor-widget elementor-widget-video\" data-id=\"8b1fad8\" data-element_type=\"widget\" data-settings='{\"youtube_url\":\"https:\\\/\\\/www.youtube.com\\\/watch?v=XHOmBV4js_E\",\"video_type\":\"youtube\",\"controls\":\"yes\"}' data-widget_type=\"video.default\">\n\t\t\t\t<div class=\"elementor-widget-container\">\n\t\t\t<style>\/*! elementor - v3.17.0 - 08-11-2023 *\/\n.elementor-widget-video .elementor-widget-container{overflow:hidden;transform:translateZ(0)}.elementor-widget-video .elementor-wrapper{aspect-ratio:var(--video-aspect-ratio)}.elementor-widget-video .elementor-wrapper iframe,.elementor-widget-video .elementor-wrapper video{height:100%;width:100%;display:flex;border:none;background-color:#000}@supports not (aspect-ratio:1\/1){.elementor-widget-video .elementor-wrapper{position:relative;overflow:hidden;height:0;padding-bottom:calc(100% \/ var(--video-aspect-ratio))}.elementor-widget-video .elementor-wrapper iframe,.elementor-widget-video .elementor-wrapper video{position:absolute;top:0;right:0;bottom:0;left:0}}.elementor-widget-video .elementor-open-inline .elementor-custom-embed-image-overlay{position:absolute;top:0;right:0;bottom:0;left:0;background-size:cover;background-position:50%}.elementor-widget-video .elementor-custom-embed-image-overlay{cursor:pointer;text-align:center}.elementor-widget-video .elementor-custom-embed-image-overlay:hover .elementor-custom-embed-play i{opacity:1}.elementor-widget-video .elementor-custom-embed-image-overlay img{display:block;width:100%;aspect-ratio:var(--video-aspect-ratio);-o-object-fit:cover;object-fit:cover;-o-object-position:center center;object-position:center center}@supports not (aspect-ratio:1\/1){.elementor-widget-video .elementor-custom-embed-image-overlay{position:relative;overflow:hidden;height:0;padding-bottom:calc(100% \/ var(--video-aspect-ratio))}.elementor-widget-video .elementor-custom-embed-image-overlay img{position:absolute;top:0;right:0;bottom:0;left:0}}.elementor-widget-video .e-hosted-video .elementor-video{-o-object-fit:cover;object-fit:cover}.e-con-inner>.elementor-widget-video,.e-con>.elementor-widget-video{width:var(--container-widget-width);--flex-grow:var(--container-widget-flex-grow)}<\/style>\t\t<div class=\"elementor-wrapper elementor-open-inline\">\n\t\t\t<div class=\"elementor-video\"><\/div>\t\t<\/div>\n\t\t\t\t<\/div>\n\t\t\t\t<\/div>\n\t\t\t\t\t<\/div>\n\t\t<\/div>\n\t\t\t\t<div class=\"elementor-column elementor-col-25 elementor-top-column elementor-element elementor-element-e24fc40\" data-id=\"e24fc40\" data-element_type=\"column\">\n\t\t\t<div class=\"elementor-widget-wrap elementor-element-populated\">\n\t\t\t\t\t\t\t\t<div class=\"elementor-element elementor-element-d8bebb5 elementor-widget elementor-widget-heading\" data-id=\"d8bebb5\" data-element_type=\"widget\" data-widget_type=\"heading.default\">\n\t\t\t\t<div class=\"elementor-widget-container\">\n\t\t\t<h2 class=\"elementor-heading-title elementor-size-default\">BACK EXENTION<\/h2>\t\t<\/div>\n\t\t\t\t<\/div>\n\t\t\t\t<div class=\"elementor-element elementor-element-efa0196 elementor-widget elementor-widget-image\" data-id=\"efa0196\" data-element_type=\"widget\" data-widget_type=\"image.default\">\n\t\t\t\t<div class=\"elementor-widget-container\">\n\t\t\t\t\t\t\t\t\t\t\t\t\t\t\t<img loading=\"lazy\" decoding=\"async\" width=\"456\" height=\"457\" src=\"https:\/\/24hr-fitness.eu\/wp-content\/uploads\/2022\/12\/BACK-EXTENSION-2.jpg\" class=\"attachment-large size-large wp-image-331\" alt=\"\" srcset=\"https:\/\/24hr-fitness.eu\/wp-content\/uploads\/2022\/12\/BACK-EXTENSION-2.jpg 456w, https:\/\/24hr-fitness.eu\/wp-content\/uploads\/2022\/12\/BACK-EXTENSION-2-300x300.jpg 300w, https:\/\/24hr-fitness.eu\/wp-content\/uploads\/2022\/12\/BACK-EXTENSION-2-150x150.jpg 150w, https:\/\/24hr-fitness.eu\/wp-content\/uploads\/2022\/12\/BACK-EXTENSION-2-12x12.jpg 12w, https:\/\/24hr-fitness.eu\/wp-content\/uploads\/2022\/12\/BACK-EXTENSION-2-1x1.jpg 1w\" sizes=\"(max-width: 456px) 100vw, 456px\">\t\t\t\t\t\t\t\t\t\t\t\t\t\t\t<\/div>\n\t\t\t\t<\/div>\n\t\t\t\t<div class=\"elementor-element elementor-element-a729062 elementor-widget elementor-widget-video\" data-id=\"a729062\" data-element_type=\"widget\" data-settings='{\"youtube_url\":\"https:\\\/\\\/www.youtube.com\\\/watch?v=XHOmBV4js_E\",\"video_type\":\"youtube\",\"controls\":\"yes\"}' data-widget_type=\"video.default\">\n\t\t\t\t<div class=\"elementor-widget-container\">\n\t\t\t\t\t<div class=\"elementor-wrapper elementor-open-inline\">\n\t\t\t<div class=\"elementor-video\"><\/div>\t\t<\/div>\n\t\t\t\t<\/div>\n\t\t\t\t<\/div>\n\t\t\t\t\t<\/div>\n\t\t<\/div>\n\t\t\t\t<div class=\"elementor-column elementor-col-25 elementor-top-column elementor-element elementor-element-b5322b3\" data-id=\"b5322b3\" data-element_type=\"column\">\n\t\t\t<div class=\"elementor-widget-wrap elementor-element-populated\">\n\t\t\t\t\t\t\t\t<div class=\"elementor-element elementor-element-ae7f612 elementor-widget elementor-widget-heading\" data-id=\"ae7f612\" data-element_type=\"widget\" data-widget_type=\"heading.default\">\n\t\t\t\t<div class=\"elementor-widget-container\">\n\t\t\t<h2 class=\"elementor-heading-title elementor-size-default\">LEG PRESS<\/h2>\t\t<\/div>\n\t\t\t\t<\/div>\n\t\t\t\t<div class=\"elementor-element elementor-element-f1517b9 elementor-widget elementor-widget-image\" data-id=\"f1517b9\" data-element_type=\"widget\" data-widget_type=\"image.default\">\n\t\t\t\t<div class=\"elementor-widget-container\">\n\t\t\t\t\t\t\t\t\t\t\t\t\t\t\t<img loading=\"lazy\" decoding=\"async\" width=\"456\" height=\"457\" src=\"https:\/\/24hr-fitness.eu\/wp-content\/uploads\/2022\/12\/Legpress2.png\" class=\"attachment-large size-large wp-image-359\" alt=\"\" srcset=\"https:\/\/24hr-fitness.eu\/wp-content\/uploads\/2022\/12\/Legpress2.png 456w, https:\/\/24hr-fitness.eu\/wp-content\/uploads\/2022\/12\/Legpress2-300x300.png 300w, https:\/\/24hr-fitness.eu\/wp-content\/uploads\/2022\/12\/Legpress2-150x150.png 150w, https:\/\/24hr-fitness.eu\/wp-content\/uploads\/2022\/12\/Legpress2-12x12.png 12w, https:\/\/24hr-fitness.eu\/wp-content\/uploads\/2022\/12\/Legpress2-1x1.png 1w\" sizes=\"(max-width: 456px) 100vw, 456px\">\t\t\t\t\t\t\t\t\t\t\t\t\t\t\t<\/div>\n\t\t\t\t<\/div>\n\t\t\t\t<div class=\"elementor-element elementor-element-d93b374 elementor-widget elementor-widget-video\" data-id=\"d93b374\" data-element_type=\"widget\" data-settings='{\"youtube_url\":\"https:\\\/\\\/www.youtube.com\\\/watch?v=OUALhlKGxLI\",\"video_type\":\"youtube\",\"controls\":\"yes\"}' data-widget_type=\"video.default\">\n\t\t\t\t<div class=\"elementor-widget-container\">\n\t\t\t\t\t<div class=\"elementor-wrapper elementor-open-inline\">\n\t\t\t<div class=\"elementor-video\"><\/div>\t\t<\/div>\n\t\t\t\t<\/div>\n\t\t\t\t<\/div>\n\t\t\t\t\t<\/div>\n\t\t<\/div>\n\t\t\t\t<div class=\"elementor-column elementor-col-25 elementor-top-column elementor-element elementor-element-2dd4045\" data-id=\"2dd4045\" data-element_type=\"column\">\n\t\t\t<div class=\"elementor-widget-wrap elementor-element-populated\">\n\t\t\t\t\t\t\t\t<div class=\"elementor-element elementor-element-a9e4e1b elementor-widget elementor-widget-heading\" data-id=\"a9e4e1b\" data-element_type=\"widget\" data-widget_type=\"heading.default\">\n\t\t\t\t<div class=\"elementor-widget-container\">\n\t\t\t<h2 class=\"elementor-heading-title elementor-size-default\">BACK EXTENSION<\/h2>\t\t<\/div>\n\t\t\t\t<\/div>\n\t\t\t\t<div class=\"elementor-element elementor-element-8b38d3a elementor-widget elementor-widget-image\" data-id=\"8b38d3a\" data-element_type=\"widget\" data-widget_type=\"image.default\">\n\t\t\t\t<div class=\"elementor-widget-container\">\n\t\t\t\t\t\t\t\t\t\t\t\t\t\t\t<img loading=\"lazy\" decoding=\"async\" width=\"1000\" height=\"1000\" src=\"https:\/\/24hr-fitness.eu\/wp-content\/uploads\/2022\/12\/s-l1600-1.png\" class=\"attachment-large size-large wp-image-352\" alt=\"\" srcset=\"https:\/\/24hr-fitness.eu\/wp-content\/uploads\/2022\/12\/s-l1600-1.png 1000w, https:\/\/24hr-fitness.eu\/wp-content\/uploads\/2022\/12\/s-l1600-1-300x300.png 300w, https:\/\/24hr-fitness.eu\/wp-content\/uploads\/2022\/12\/s-l1600-1-150x150.png 150w, https:\/\/24hr-fitness.eu\/wp-content\/uploads\/2022\/12\/s-l1600-1-768x768.png 768w, https:\/\/24hr-fitness.eu\/wp-content\/uploads\/2022\/12\/s-l1600-1-12x12.png 12w, https:\/\/24hr-fitness.eu\/wp-content\/uploads\/2022\/12\/s-l1600-1-1x1.png 1w\" sizes=\"(max-width: 1000px) 100vw, 1000px\">\t\t\t\t\t\t\t\t\t\t\t\t\t\t\t<\/div>\n\t\t\t\t<\/div>\n\t\t\t\t<div class=\"elementor-element elementor-element-b9b20da elementor-widget elementor-widget-video\" data-id=\"b9b20da\" data-element_type=\"widget\" data-settings='{\"youtube_url\":\"https:\\\/\\\/www.youtube.com\\\/watch?v=XHOmBV4js_E\",\"video_type\":\"youtube\",\"controls\":\"yes\"}' data-widget_type=\"video.default\">\n\t\t\t\t<div class=\"elementor-widget-container\">\n\t\t\t\t\t<div class=\"elementor-wrapper elementor-open-inline\">\n\t\t\t<div class=\"elementor-video\"><\/div>\t\t<\/div>\n\t\t\t\t<\/div>\n\t\t\t\t<\/div>\n\t\t\t\t\t<\/div>\n\t\t<\/div>\n\t\t\t\t\t\t\t<\/div>\n\t\t<\/section>\n\t\t\t\t<section class=\"elementor-section elementor-top-section elementor-element elementor-element-0feca91 elementor-section-height-min-height elementor-section-boxed elementor-section-height-default elementor-section-items-middle wpr-particle-no wpr-jarallax-no wpr-parallax-no wpr-sticky-section-no\" data-id=\"0feca91\" data-element_type=\"section\">\n\t\t\t\t\t\t<div class=\"elementor-container elementor-column-gap-default\">\n\t\t\t\t\t<div class=\"elementor-column elementor-col-100 elementor-top-column elementor-element elementor-element-feeddb5\" data-id=\"feeddb5\" data-element_type=\"column\">\n\t\t\t<div class=\"elementor-widget-wrap\">\n\t\t\t\t\t\t\t\t\t<\/div>\n\t\t<\/div>\n\t\t\t\t\t\t\t<\/div>\n\t\t<\/section>\n\t\t\t\t\t\t\t<\/div>","protected":false},"excerpt":{"rendered":"<p>LOWER BODY EQUIPMENT CALF PRESS BACK EXENTION LEG PRESS BACK EXTENSION<\/p>","protected":false},"author":1,"featured_media":0,"parent":54,"menu_order":0,"comment_status":"closed","ping_status":"closed","template":"elementor_header_footer","meta":{"footnotes":""},"_links":{"self":[{"href":"https:\/\/24hr-fitness.eu\/sk\/wp-json\/wp\/v2\/pages\/70"}],"collection":[{"href":"https:\/\/24hr-fitness.eu\/sk\/wp-json\/wp\/v2\/pages"}],"about":[{"href":"https:\/\/24hr-fitness.eu\/sk\/wp-json\/wp\/v2\/types\/page"}],"author":[{"embeddable":true,"href":"https:\/\/24hr-fitness.eu\/sk\/wp-json\/wp\/v2\/users\/1"}],"replies":[{"embeddable":true,"href":"https:\/\/24hr-fitness.eu\/sk\/wp-json\/wp\/v2\/comments?post=70"}],"version-history":[{"count":16,"href":"https:\/\/24hr-fitness.eu\/sk\/wp-json\/wp\/v2\/pages\/70\/revisions"}],"predecessor-version":[{"id":601,"href":"https:\/\/24hr-fitness.eu\/sk\/wp-json\/wp\/v2\/pages\/70\/revisions\/601"}],"up":[{"embeddable":true,"href":"https:\/\/24hr-fitness.eu\/sk\/wp-json\/wp\/v2\/pages\/54"}],"wp:attachment":[{"href":"https:\/\/24hr-fitness.eu\/sk\/wp-json\/wp\/v2\/media?parent=70"}],"curies":[{"name":"wp","href":"https:\/\/api.w.org\/{rel}","templated":true}]}}