{"id":605,"date":"2023-09-25T12:11:09","date_gmt":"2023-09-25T10:11:09","guid":{"rendered":"https:\/\/24hr-fitness.eu\/?page_id=605"},"modified":"2023-09-25T12:11:09","modified_gmt":"2023-09-25T10:11:09","slug":"gdpr","status":"publish","type":"page","link":"https:\/\/24hr-fitness.eu\/sk\/gdpr\/","title":{"rendered":"<p>GDPR<\/p>"},"content":{"rendered":"<!DOCTYPE html>\n<html>\r\n    <head>\r\n        <title>Personal data protection policy<\/title>\r\n        <style>\r\n\r\n            .terms main {\r\n                margin-top: 20px;\r\n                margin-bottom: 80px;\r\n            }\r\n\r\n            .terms > section {\r\n                margin-bottom: 20px;\r\n            }\r\n\r\n            main section h2 {\r\n                color: #555;\r\n                font-size: 24px;\r\n                margin-bottom: 10px;\r\n            }\r\n\r\n            main section p {\r\n                color: #666;\r\n                font-size: 18px;\r\n                line-height: 1.5;\r\n                margin-bottom: 25px;\r\n            }\r\n\r\n            main section p a {\r\n                color: #0a58ca;\r\n            }\r\n\r\n            .company-content {\r\n                font-weight: bold;\r\n            }\r\n\r\n        <\/style>\r\n    <\/head>\r\n    <body class=\"terms\">\r\n    <section>\r\n        <p>\r\n            I\u010cO\r\n            <br>\r\n            <span class=\"company-content\">54710669<\/span>\r\n            <br>\r\n            DI\u010c\r\n            <br>\r\n            <span class=\"company-content\">2121771498<\/span>\r\n            <br>\r\n            S\u00eddlo\r\n            <br>\r\n            <span class=\"company-content\">24hr Fitness s.r.o.<\/span>\r\n            <br>\r\n            <span class=\"company-content\">Bidovce 316 044 45 Bidovce<\/span>\r\n        <\/p>\r\n    <\/section>\r\n    <header style=\"margin-bottom: 40px\">\r\n        <h1>Z\u00e1sady ochrany osobn\u00fdch \u00fadajov<\/h1>\r\n    <\/header>\r\n\r\n    <main>\r\n\r\n        <section>\r\n            <p>\r\n                V 24Hr-Fitness s.r.o. zaviazali sme sa chr\u00e1ni\u0165 va\u0161e s\u00fakromie a zaisti\u0165 bezpe\u010dnos\u0165 va\u0161ich osobn\u00fdch \u00fadajov. Toto ozn\u00e1menie objas\u0148uje, ako zhroma\u017e\u010fujeme, pou\u017e\u00edvame, zverej\u0148ujeme a uchov\u00e1vame va\u0161e osobn\u00e9 \u00fadaje v s\u00falade so slovensk\u00fdm z\u00e1konom o ochrane osobn\u00fdch \u00fadajov a v\u0161eobecn\u00fdm nariaden\u00edm o ochrane osobn\u00fdch \u00fadajov (GDPR).\r\n            <\/p>\r\n        <\/section>\r\n\r\n\r\n        <section>\r\n            <h2>1. Spr\u00e1vca osobn\u00fdch \u00fadajov<\/h2>\r\n            <p>Spr\u00e1vcom osobn\u00fdch \u00fadajov zodpovedn\u00fdm za spracovanie va\u0161ich osobn\u00fdch \u00fadajov je 24Hr-Fitness s.r.o., so s\u00eddlom Bidovce 316, Slovensko.<\/p>\r\n        <\/section>\r\n\r\n        <section>\r\n            <h2>2. Typy zhroma\u017e\u010fovan\u00fdch osobn\u00fdch \u00fadajov<\/h2>\r\n            <p>M\u00f4\u017eeme zhroma\u017e\u010fova\u0165 nasleduj\u00face typy osobn\u00fdch \u00fadajov:<\/p>\r\n            <p>Kontaktn\u00e9 \u00fadaje: Meno, adresa, e-mailov\u00e1 adresa a telef\u00f3nne \u010d\u00edslo.<\/p>\r\n            <p>Inform\u00e1cie o \u010dlenstve: Inform\u00e1cie o \u010dlenstve, ako s\u00fa d\u00e1tumy za\u010diatku a ukon\u010denia \u010dlenstva, typ \u010dlenstva a inform\u00e1cie o platbe.<\/p>\r\n            <p>Zdravotn\u00e9 inform\u00e1cie: Inform\u00e1cie o va\u0161ich cie\u013eoch v oblasti zdravia a kond\u00edcie, ako aj ak\u00e9ko\u013evek \u010fal\u0161ie inform\u00e1cie o va\u0161om zdrav\u00ed, ktor\u00e9 n\u00e1m poskytnete.<\/p>\r\n            <p>Inform\u00e1cie o pou\u017e\u00edvan\u00ed: Inform\u00e1cie o va\u0161om vyu\u017e\u00edvan\u00ed fitness centra, vr\u00e1tane z\u00e1znamov o n\u00e1v\u0161tevnosti, nav\u0161tevovan\u00fdch hodin\u00e1ch a pou\u017e\u00edvan\u00ed vybavenia.<\/p>\r\n            <p>Z\u00e1znamy z kamerov\u00e9ho syst\u00e9mu: Na zaistenie bezpe\u010dnosti m\u00f4\u017eeme ma\u0165 v na\u0161ich priestoroch nain\u0161talovan\u00e9 kamery.<\/p>\r\n        <\/section>\r\n\r\n        <section>\r\n            <h2>3. \u00da\u010del sprac\u00favania osobn\u00fdch \u00fadajov<\/h2>\r\n            <p>Va\u0161e osobn\u00e9 \u00fadaje sprac\u00favame na nasleduj\u00face \u00fa\u010dely:<\/p>\r\n            <p>Spr\u00e1va \u010dlenstva: Spravujte svoje \u010dlenstvo v telocvi\u010dni vr\u00e1tane faktur\u00e1cie, obnovy a komunik\u00e1cie s\u00favisiacej s \u010dlenstvom.<\/p>\r\n            <p>Hodnotenie kond\u00edcie: Poskytovanie prisp\u00f4soben\u00fdch hodnoten\u00ed kond\u00edcie a tr\u00e9ningov\u00fdch programov na z\u00e1klade inform\u00e1ci\u00ed o va\u0161om zdrav\u00ed.<\/p>\r\n            <p>Zlep\u0161enie slu\u017eieb: Zlep\u0161enie na\u0161ich slu\u017eieb, zariaden\u00ed a programov na z\u00e1klade va\u0161ich preferenci\u00ed a sp\u00e4tnej v\u00e4zby.<\/p>\r\n            <p>Marketingov\u00e1 komunik\u00e1cia: Zasielanie propaga\u010dn\u00fdch pon\u00fak, aktualiz\u00e1ci\u00ed a noviniek o na\u0161ej telocvi\u010dni na z\u00e1klade v\u00e1\u0161ho s\u00fahlasu.<\/p>\r\n            <p>Bezpe\u010dnos\u0165: Zabezpe\u010denie bezpe\u010dnosti na\u0161ich priestorov a z\u00e1kazn\u00edkov prostredn\u00edctvom monitorovania kamerov\u00fdch z\u00e1znamov.<\/p>\r\n        <\/section>\r\n\r\n        <section>\r\n            <h2>4. Pr\u00e1vny z\u00e1klad sprac\u00favania<\/h2>\r\n            <p>Va\u0161e osobn\u00e9 \u00fadaje sprac\u00favame na z\u00e1klade nasleduj\u00facich pr\u00e1vnych z\u00e1kladov:<\/p>\r\n            <p>Zmluvn\u00e1 povinnos\u0165: Spracovanie nevyhnutn\u00e9 na plnenie zmluvy o \u010dlenstve medzi vami a 24Hr-Fitness s.r.o.<\/p>\r\n            <p>S\u00fahlas: V pr\u00edpade, \u017ee sme z\u00edskali v\u00e1\u0161 s\u00fahlas so spracovan\u00edm niektor\u00fdch osobn\u00fdch \u00fadajov, bude spracovanie prebieha\u0165 na z\u00e1klade tohto s\u00fahlasu.<\/p>\r\n            <p>Opr\u00e1vnen\u00fd z\u00e1ujem: Ak je spracovanie nevyhnutn\u00e9 na ochranu opr\u00e1vnen\u00fdch z\u00e1ujmov [N\u00e1zov Fitness centra] alebo tret\u00edch str\u00e1n, okrem pr\u00edpadov, ke\u010f va\u0161e z\u00e1ujmy alebo z\u00e1kladn\u00e9 pr\u00e1va a slobody prevy\u0161uj\u00fa tieto z\u00e1ujmy.<\/p>\r\n        <\/section>\r\n\r\n        <section>\r\n            <h2>5. Uchov\u00e1vanie osobn\u00fdch \u00fadajov<\/h2>\r\n            <p>Va\u0161e osobn\u00e9 \u00fadaje budeme uchov\u00e1va\u0165 po dobu nevyhnutn\u00fa na dosiahnutie \u00fa\u010delu spracovania uveden\u00e9ho v tomto ozn\u00e1men\u00ed, pokia\u013e z\u00e1kon nevy\u017eaduje alebo nepovo\u013euje alebo nevy\u017eaduje dlh\u0161ie uchov\u00e1vanie. Po uplynut\u00ed tejto doby osobn\u00e9 \u00fadaje bezpe\u010dne vyma\u017eeme alebo anonymizujeme.<\/p>\r\n        <\/section>\r\n\r\n        <section>\r\n            <h2>6. Spolo\u010dn\u00fd poriadok telocvi\u010dne<\/h2>\r\n            <div style=\"padding-left: 50px\">\r\n                <section>\r\n                    <h2>(1) \u010clenstvo a pr\u00edstup<\/h2>\r\n                    <p>Do telocvi\u010dne maj\u00fa povolen\u00fd vstup len \u010dlenovia a opr\u00e1vnen\u00ed hostia.<\/p>\r\n                    <p>Pri vstupe je potrebn\u00e9 predlo\u017ei\u0165 \u010dlensk\u00e9 preukazy alebo ob\u010diansky preukaz.<\/p>\r\n                    <p>Jednotlivci musia ma\u0165 aspo\u0148 16 rokov, aby mohli pou\u017e\u00edva\u0165 telocvi\u010d\u0148u. Malolet\u00ed do 16 rokov musia by\u0165 v sprievode rodi\u010da alebo z\u00e1konn\u00e9ho z\u00e1stupcu.<\/p>\r\n                <\/section>\r\n                <section>\r\n                    <h2>(2) K\u00f3dex spr\u00e1vania a etikety<\/h2>\r\n                    <p>Re\u0161pektujte ostatn\u00fdch pou\u017e\u00edvate\u013eov telocvi\u010dne dodr\u017eiavan\u00edm spr\u00e1vnej etikety v telocvi\u010dni.<\/p>\r\n                    <p>Pou\u017e\u00edvajte vhodn\u00fd jazyk a zdr\u017ete sa ru\u0161iv\u00e9ho alebo ur\u00e1\u017eliv\u00e9ho spr\u00e1vania.<\/p>\r\n                    <p>Zdie\u013eajte vybavenie a nechajte ostatn\u00fdch pracova\u0165 medzi sadami.<\/p>\r\n                    <p>Po pou\u017eit\u00ed utrite zariadenie dodan\u00fdm \u010distiacim prostriedkom.<\/p>\r\n                    <p>Po pou\u017eit\u00ed vr\u00e1\u0165te z\u00e1va\u017eia, \u010dinky a \u010fal\u0161ie vybavenie na ur\u010den\u00e9 miesta.<\/p>\r\n                    <p>Vyhnite sa nadmern\u00e9mu hluku a obmedzte pou\u017e\u00edvanie mobiln\u00fdch telef\u00f3nov na vyhraden\u00e9 miesta.<\/p>\r\n                    <p>Ria\u010fte sa pokynmi a pokynmi zamestnancov telocvi\u010dne.<\/p>\r\n                <\/section>\r\n\r\n                <section>\r\n                    <h2>(3) Osobn\u00e9 zdravie a bezpe\u010dnos\u0165<\/h2>\r\n                    <p>Pred za\u010dat\u00edm ak\u00e9hoko\u013evek cvi\u010debn\u00e9ho programu sa pora\u010fte s lek\u00e1rom, najm\u00e4 ak m\u00e1te z\u00e1kladn\u00fd zdravotn\u00fd stav alebo zranenie.<\/p>\r\n                    <p>Spr\u00e1vne pou\u017e\u00edvajte vybavenie a zariadenia telocvi\u010dne a dodr\u017eiavajte bezpe\u010dnostn\u00e9 pokyny.<\/p>\r\n                    <p>Pred cvi\u010den\u00edm sa zahrejte a natiahnite, aby ste predi\u0161li zraneniu.<\/p>\r\n                    <p>Pou\u017e\u00edvajte vhodn\u00fa obuv a oble\u010denie vhodn\u00e9 na cvi\u010denie.<\/p>\r\n                    <p>Zosta\u0148te hydratovan\u00ed a prineste si vlastn\u00fa f\u013ea\u0161u s vodou.<\/p>\r\n                    <p>Ak\u00e9ko\u013evek nehody, zranenia alebo poruchy zariadenia ihne\u010f nahl\u00e1ste person\u00e1lu telocvi\u010dne.<\/p>\r\n                <\/section>\r\n\r\n                <section>\r\n                    <h2>(4) Hygiena a \u010distota<\/h2>\r\n                    <p>Dodr\u017eiavajte osobn\u00fa hygienu nosen\u00edm \u010dist\u00e9ho cvi\u010debn\u00e9ho oble\u010denia a pou\u017e\u00edvan\u00edm dezodorantov.<\/p>\r\n                    <p>Po\u010das pou\u017e\u00edvania pou\u017e\u00edvajte uter\u00e1k na zakrytie vybavenia telocvi\u010dne.<\/p>\r\n                    <p>Pou\u017e\u00edvajte dodan\u00e9 dezinfek\u010dn\u00e9 prostriedky na ruky a pravidelne si um\u00fdvajte ruky.<\/p>\r\n                    <p>Odpad a pou\u017eit\u00e9 uter\u00e1ky vyhadzujte do n\u00e1dob na to ur\u010den\u00fdch.<\/p>\r\n                    <p>Sprchova\u0165 a prezlieka\u0165 len na miestach na to ur\u010den\u00fdch.<\/p>\r\n                <\/section>\r\n\r\n                <section>\r\n                    <h2>(5) Osobn\u00e9 veci<\/h2>\r\n                    <p>Na osobn\u00e9 veci s\u00fa k dispoz\u00edcii uzamykate\u013en\u00e9 skrinky. Prineste si vlastn\u00fd z\u00e1mok alebo si ho po\u017ei\u010dajte na recepcii.<\/p>\r\n                    <p>Telocvi\u010d\u0148a nezodpoved\u00e1 za straten\u00e9 alebo odcudzen\u00e9 veci. Cennosti uchov\u00e1vajte v bezpe\u010d\u00ed a nenech\u00e1vajte ich bez dozoru.<\/p>\r\n                <\/section>\r\n\r\n                <section>\r\n                    <h2>(6) Skupinov\u00e9 kurzy a osobn\u00e9 \u0161kolenia<\/h2>\r\n                    <p>Skupinov\u00e9 kurzy a osobn\u00e9 \u0161kolenia vy\u017eaduj\u00fa samostatn\u00fa registr\u00e1ciu a m\u00f4\u017eu by\u0165 spoplatnen\u00e9.<\/p>\r\n                    <p>Pr\u00ed\u010fte na hodinu v\u010das a ozn\u00e1mte to in\u0161truktorovi vopred, ak potrebujete zru\u0161i\u0165.<\/p>\r\n                    <p>Ria\u010fte sa pokynmi triednych in\u0161truktorov a osobn\u00fdch tr\u00e9nerov.<\/p>\r\n                <\/section>\r\n\r\n                <section>\r\n                    <h2>(7) Poplatky za gramatiku<\/h2>\r\n                    <p>Pre registrovan\u00fdch \u010dlenov: <strong>Mesa\u010dn\u00fd \u010dlen, 37,5\u20ac: m\u00f4\u017eete ho pou\u017e\u00edva\u0165 raz denne po\u010das 30 dn\u00ed.<\/strong><\/p>\r\n                    <p>Pre hos\u0165a: <strong>6\u20ac: M\u00f4\u017eete ho pou\u017ei\u0165 raz na 1 de\u0148.<\/strong><\/p>\r\n                <\/section>\r\n\r\n                <section>\r\n                    <h2>(8) Va\u0161e pr\u00e1va<\/h2>\r\n                    <p>V s\u00favislosti s va\u0161imi osobn\u00fdmi \u00fadajmi m\u00e1te ur\u010dit\u00e9 pr\u00e1va, ktor\u00e9 si m\u00f4\u017eete uplatni\u0165:<\/p>\r\n                    <p>Pr\u00e1vo na pr\u00edstup: M\u00e1te pr\u00e1vo po\u017eadova\u0165 inform\u00e1cie o spracovan\u00ed va\u0161ich osobn\u00fdch \u00fadajov a z\u00edska\u0165 k\u00f3piu t\u00fdchto \u00fadajov.<\/p>\r\n                    <p>Pr\u00e1vo na opravu: M\u00e1te pr\u00e1vo po\u017eadova\u0165 opravu nepresn\u00fdch alebo ne\u00fapln\u00fdch osobn\u00fdch \u00fadajov.<\/p>\r\n                    <p>Pr\u00e1vo na vymazanie: V ur\u010dit\u00fdch pr\u00edpadoch m\u00e1te pr\u00e1vo po\u017eiada\u0165 o vymazanie va\u0161ich osobn\u00fdch \u00fadajov.<\/p>\r\n                    <p>Pr\u00e1vo na obmedzenie sprac\u00favania: V niektor\u00fdch pr\u00edpadoch m\u00e1te pr\u00e1vo po\u017eadova\u0165 obmedzenie sprac\u00favania Va\u0161ich osobn\u00fdch \u00fadajov.<\/p>\r\n                    <p>Pr\u00e1vo na prenosnos\u0165 \u00fadajov: V niektor\u00fdch pr\u00edpadoch m\u00e1te pr\u00e1vo po\u017eiada\u0165 o prenos va\u0161ich osobn\u00fdch \u00fadajov k in\u00e9mu subjektu zodpovedn\u00e9mu za spracovanie.<\/p>\r\n                    <p>Pr\u00e1vo veta pri sprac\u00favan\u00ed: V ur\u010dit\u00fdch situ\u00e1ci\u00e1ch m\u00e1te pr\u00e1vo namieta\u0165 proti sprac\u00favaniu va\u0161ich osobn\u00fdch \u00fadajov na z\u00e1klade opr\u00e1vnen\u00e9ho z\u00e1ujmu.<\/p>\r\n                    <p>Pr\u00e1vo odvola\u0165 s\u00fahlas: Ak sme z\u00edskali v\u00e1\u0161 s\u00fahlas so spracovan\u00edm osobn\u00fdch \u00fadajov, m\u00e1te pr\u00e1vo tento s\u00fahlas kedyko\u013evek odvola\u0165.<\/p>\r\n                <\/section>\r\n            <\/div>\r\n        <\/section>\r\n\r\n            <!-- NEW SECTION: Face Image Capture for Verification -->\r\n        <section style=\"margin-bottom: 70px\">\r\n            <h2>7. Face Image Capture for Verification<\/h2>\r\n            <p>\r\n                To ensure secure and efficient access to our facilities, <strong>24Hr-Fitness s.r.o.<\/strong> may offer an optional feature to\r\n                capture and verify a member?s face image for identification purposes. This process helps confirm that the person\r\n                entering the gym is the authorized member.\r\n            <\/p>\r\n            <p>\r\n                The face image is processed only for <strong>verification<\/strong> purposes and is not used for marketing or any unrelated activities.\r\n                Participation in this feature is entirely <strong>voluntary<\/strong>. Members who do not wish to participate may continue to use\r\n                other available identification methods, such as membership cards or QR codes.\r\n            <\/p>\r\n            <p>\r\n                The captured image or generated face template is securely stored, encrypted, and accessible only to authorized personnel.\r\n                It will be deleted immediately upon withdrawal of consent or termination of membership, whichever occurs first.\r\n            <\/p>\r\n            <p>\r\n                The legal basis for this processing is your <strong>explicit consent<\/strong> under Article 9(2)(a) of the GDPR. You have the right\r\n                to withdraw this consent at any time by contacting us at\r\n                <a href=\"mailto:24hrfitnesseu@gmail.com\">24hrfitnesseu@gmail.com<\/a>.\r\n            <\/p>\r\n            <p>\r\n                This measure enhances safety, prevents unauthorized access, and streamlines member check-ins while fully respecting your privacy rights.\r\n            <\/p>\r\n        <\/section>\r\n\r\n\r\n        <section>\r\n            <h2>8. Contact Information<\/h2>\r\n            <p>Ak m\u00e1te ak\u00e9ko\u013evek ot\u00e1zky, \u017eiadosti alebo s\u0165a\u017enosti t\u00fdkaj\u00face sa tohto ozn\u00e1menia GDPR alebo na\u0161ich postupov ochrany osobn\u00fdch \u00fadajov, kontaktujte n\u00e1s na adrese: <a href=\"mailto:24hrfitnesseu@gmail.com\">24hrfitnesseu@gmail.com<\/a><\/p>\r\n        <\/section>\r\n\r\n\r\n\r\n    <\/main>\r\n\r\n    <\/body>\r\n    <\/html>","protected":false},"excerpt":{"rendered":"","protected":false},"author":1,"featured_media":0,"parent":0,"menu_order":0,"comment_status":"closed","ping_status":"closed","template":"","meta":{"footnotes":""},"_links":{"self":[{"href":"https:\/\/24hr-fitness.eu\/sk\/wp-json\/wp\/v2\/pages\/605"}],"collection":[{"href":"https:\/\/24hr-fitness.eu\/sk\/wp-json\/wp\/v2\/pages"}],"about":[{"href":"https:\/\/24hr-fitness.eu\/sk\/wp-json\/wp\/v2\/types\/page"}],"author":[{"embeddable":true,"href":"https:\/\/24hr-fitness.eu\/sk\/wp-json\/wp\/v2\/users\/1"}],"replies":[{"embeddable":true,"href":"https:\/\/24hr-fitness.eu\/sk\/wp-json\/wp\/v2\/comments?post=605"}],"version-history":[{"count":1,"href":"https:\/\/24hr-fitness.eu\/sk\/wp-json\/wp\/v2\/pages\/605\/revisions"}],"predecessor-version":[{"id":606,"href":"https:\/\/24hr-fitness.eu\/sk\/wp-json\/wp\/v2\/pages\/605\/revisions\/606"}],"wp:attachment":[{"href":"https:\/\/24hr-fitness.eu\/sk\/wp-json\/wp\/v2\/media?parent=605"}],"curies":[{"name":"wp","href":"https:\/\/api.w.org\/{rel}","templated":true}]}}