{"id":60,"date":"2022-12-26T16:34:46","date_gmt":"2022-12-26T15:34:46","guid":{"rendered":"https:\/\/24hr-fitness.eu\/?page_id=60"},"modified":"2023-09-18T15:17:35","modified_gmt":"2023-09-18T13:17:35","slug":"contact-us","status":"publish","type":"page","link":"https:\/\/24hr-fitness.eu\/sk\/contact-us\/","title":{"rendered":"<p>Kontaktuj n\u00e1s<\/p>"},"content":{"rendered":"<div data-elementor-type=\"wp-page\" data-elementor-id=\"60\" class=\"elementor elementor-60\">\n\t\t\t\t\t\t\t\t\t<section class=\"elementor-section elementor-top-section elementor-element elementor-element-8e806d5 elementor-section-boxed elementor-section-height-default elementor-section-height-default wpr-particle-no wpr-jarallax-no wpr-parallax-no wpr-sticky-section-no\" data-id=\"8e806d5\" data-element_type=\"section\">\n\t\t\t\t\t\t<div class=\"elementor-container elementor-column-gap-default\">\n\t\t\t\t\t<div class=\"elementor-column elementor-col-25 elementor-top-column elementor-element elementor-element-6622fd6\" data-id=\"6622fd6\" data-element_type=\"column\">\n\t\t\t<div class=\"elementor-widget-wrap\">\n\t\t\t\t\t\t\t\t\t<\/div>\n\t\t<\/div>\n\t\t\t\t<div class=\"elementor-column elementor-col-25 elementor-top-column elementor-element elementor-element-c36cbd4\" data-id=\"c36cbd4\" data-element_type=\"column\">\n\t\t\t<div class=\"elementor-widget-wrap\">\n\t\t\t\t\t\t\t\t\t<\/div>\n\t\t<\/div>\n\t\t\t\t<div class=\"elementor-column elementor-col-25 elementor-top-column elementor-element elementor-element-e67daf8\" data-id=\"e67daf8\" data-element_type=\"column\">\n\t\t\t<div class=\"elementor-widget-wrap\">\n\t\t\t\t\t\t\t\t\t<\/div>\n\t\t<\/div>\n\t\t\t\t<div class=\"elementor-column elementor-col-25 elementor-top-column elementor-element elementor-element-26c7e19\" data-id=\"26c7e19\" data-element_type=\"column\">\n\t\t\t<div class=\"elementor-widget-wrap\">\n\t\t\t\t\t\t\t\t\t<\/div>\n\t\t<\/div>\n\t\t\t\t\t\t\t<\/div>\n\t\t<\/section>\n\t\t\t\t<section class=\"elementor-section elementor-top-section elementor-element elementor-element-400fdb9 elementor-section-boxed elementor-section-height-default elementor-section-height-default wpr-particle-no wpr-jarallax-no wpr-parallax-no wpr-sticky-section-no\" data-id=\"400fdb9\" data-element_type=\"section\">\n\t\t\t\t\t\t<div class=\"elementor-container elementor-column-gap-default\">\n\t\t\t\t\t<div class=\"elementor-column elementor-col-100 elementor-top-column elementor-element elementor-element-b828e37\" data-id=\"b828e37\" data-element_type=\"column\">\n\t\t\t<div class=\"elementor-widget-wrap elementor-element-populated\">\n\t\t\t\t\t\t\t\t<div class=\"elementor-element elementor-element-516d093 elementor-widget elementor-widget-shortcode\" data-id=\"516d093\" data-element_type=\"widget\" data-widget_type=\"shortcode.default\">\n\t\t\t\t<div class=\"elementor-widget-container\">\n\t\t\t\r\n        <style>\r\n        \/* Apply styles to form labels *\/\r\n            .container {\r\n              display: grid;\r\n              grid-template-columns: repeat(2, 1fr); \/* Creates 3 equal-width columns *\/\r\n              grid-template-rows: auto; \/* Creates rows with automatic height *\/\r\n              gap: 10px; \/* Adds a gap between columns and rows *\/\r\n            }\r\n\r\n            @media (max-width: 960px) {\r\n              .container {\r\n                grid-template-columns: 1fr; \/* Change to a single column layout *\/\r\n              }\r\n\r\n              form {\r\n                width: 100%;\r\n                margin-top: 200px;\r\n              }\r\n\r\n              .item-contact {\r\n                margin-top: 200px !important;\r\n              }\r\n            }\r\n\r\n            .item-contact {\r\n                margin-top: 20px;\r\n                margin-bottom: 70px;\r\n             }\r\n\r\n            h1 {\r\n              color: #333;\r\n              text-align: center;\r\n            }\r\n\r\n            h2 {\r\n              color: #555;\r\n              margin-bottom: 10px;\r\n            }\r\n\r\n            h5 {\r\n              color: #777;\r\n              margin-bottom: 10px;\r\n            }\r\n\r\n            p {\r\n              color: #555;\r\n              margin-bottom: 5px;\r\n            }\r\n\r\n            label {\r\n              display: block;\r\n              margin-bottom: 10px;\r\n              font-weight: bold;\r\n            }\r\n\r\n            \/* Apply styles to form input fields *\/\r\n            input[type=\"text\"],\r\n            input[type=\"email\"],\r\n            textarea {\r\n              width: 100%;\r\n              padding: 10px;\r\n              border: 1px solid #ccc;\r\n              border-radius: 4px;\r\n              margin-bottom: 20px;\r\n            }\r\n\r\n            \/* Apply styles to submit button *\/\r\n            input[type=\"submit\"] {\r\n              background-color: #4CAF50;\r\n              color: white;\r\n              padding: 10px 20px;\r\n              border: none;\r\n              border-radius: 4px;\r\n              cursor: pointer;\r\n              margin-bottom: 20px;\r\n            }\r\n\r\n            \/* Apply styles to success and error messages *\/\r\n            .success {\r\n              color: green;\r\n              margin-bottom: 10px;\r\n              margin-left: 30px;\r\n            }\r\n\r\n            .error {\r\n              color: red;\r\n              margin-bottom: 10px;\r\n              margin-left: 30px;\r\n            }\r\n\r\n            .error li {\r\n              list-style-type: none;\r\n              margin-left: 30px;\r\n            }\r\n\r\n            form {\r\n                max-width: 500px;\r\n                margin: auto;\r\n                padding-left: 30px;\r\n                padding-right: 30px;\r\n            }\r\n\r\n            .elementor-widget-google_maps .elementor-widget-container{ overflow:hidden }\r\n            .elementor-widget-google_maps iframe { height:300px !important; }\r\n        <\/style>\r\n\r\n        <div class=\"container padding_0 mt-3\">\r\n            <div class=\"item\">\r\n                <h2 style=\"text-align: center\">24Hr-Fitness s.r.o.<\/h2>\r\n\r\n<!--                <h2>Contact Information<\/h2>-->\r\n                <h5>Adresa: Bidovce 316, Slovensko<\/h5>\r\n                <h5>Kontaktn\u00fd email: info@24hr-fitness.eu<\/h5>\r\n                <h5>Kontaktn\u00e9 \u010d\u00edslo: +421905639619<\/h5>\r\n                                    <h5>I\u010cO: 54710669<\/h5>\r\n                                                    <h5>DI\u010c: 2121771498<\/h5>\r\n                                                    <h5>mailto:info@24hr-fitness.eu<\/h5>\r\n                \r\n                <iframe title=\"Bidovce 316\" style=\"width: 100%; height:250px !important;\" src=\"https:\/\/maps.google.com\/maps?q=Bidovce%20316&amp;t=m&amp;z=10&amp;output=embed&amp;iwloc=near\" frameborder=\"0\" marginwidth=\"0\" marginheight=\"0\" scrolling=\"no\" aria-label=\"Bidovce%20316\"><\/iframe>\r\n\r\n\r\n            <\/div>\r\n\r\n            <script src=\"https:\/\/js.hcaptcha.com\/1\/api.js\" async defer><\/script>\r\n\r\n            <div class=\"item-contact\">\r\n                <!-- HTML form -->\r\n                <form action=\"\" method=\"POST\" name=\"my_contact_form\" data-trp-original-action=\"\">\r\n                    <label for=\"name\">N\u00e1zov:<\/label>\r\n                    <input type=\"text\" id=\"contact_name\" name=\"contact_name\" value=\"\">\r\n\r\n                    <label for=\"email\">Email:<\/label>\r\n                    <input type=\"email\" id=\"contact_email\" name=\"contact_email\" value=\"\">\r\n\r\n                    <label for=\"message\">Spr\u00e1va:<\/label>\r\n                    <textarea id=\"message\" name=\"contact_message\"><\/textarea>\r\n\r\n                    <div class=\"h-captcha\" data-sitekey=\"4c1ae680-2082-41f2-8514-ddf0048ec6b8\" data-callback=\"onSuccess\"><\/div>\r\n\r\n                    <input type=\"submit\" value=\"Predlo\u017ei\u0165\" name=\"submit_contact\" id=\"continuebutton\" disabled>\r\n                <input type=\"hidden\" name=\"trp-form-language\" value=\"sk\"\/><\/form>\r\n\r\n                <script type=\"text\/javascript\">\r\n                  function onSuccess(response) {\r\n                    \/\/ Enable the continue button after successful hCaptcha\r\n                    document.getElementById('continuebutton').disabled = false;\r\n                  }\r\n                <\/script>\r\n                <!-- Display success or error message -->\r\n                            <\/div>\r\n        <\/div>\r\n\r\n        \t\t<div class=\"elementor-shortcode\"><\/div>\n\t\t\t\t<\/div>\n\t\t\t\t<\/div>\n\t\t\t\t\t<\/div>\n\t\t<\/div>\n\t\t\t\t\t\t\t<\/div>\n\t\t<\/section>\n\t\t\t\t<section class=\"elementor-section elementor-top-section elementor-element elementor-element-145c3f2 elementor-section-height-min-height elementor-section-boxed elementor-section-height-default elementor-section-items-middle wpr-particle-no wpr-jarallax-no wpr-parallax-no wpr-sticky-section-no\" data-id=\"145c3f2\" data-element_type=\"section\">\n\t\t\t\t\t\t<div class=\"elementor-container elementor-column-gap-default\">\n\t\t\t\t\t<div class=\"elementor-column elementor-col-100 elementor-top-column elementor-element elementor-element-d30d746\" data-id=\"d30d746\" data-element_type=\"column\">\n\t\t\t<div class=\"elementor-widget-wrap\">\n\t\t\t\t\t\t\t\t\t<\/div>\n\t\t<\/div>\n\t\t\t\t\t\t\t<\/div>\n\t\t<\/section>\n\t\t\t\t\t\t\t<\/div>","protected":false},"excerpt":{"rendered":"","protected":false},"author":1,"featured_media":0,"parent":0,"menu_order":0,"comment_status":"closed","ping_status":"closed","template":"elementor_theme","meta":{"footnotes":""},"_links":{"self":[{"href":"https:\/\/24hr-fitness.eu\/sk\/wp-json\/wp\/v2\/pages\/60"}],"collection":[{"href":"https:\/\/24hr-fitness.eu\/sk\/wp-json\/wp\/v2\/pages"}],"about":[{"href":"https:\/\/24hr-fitness.eu\/sk\/wp-json\/wp\/v2\/types\/page"}],"author":[{"embeddable":true,"href":"https:\/\/24hr-fitness.eu\/sk\/wp-json\/wp\/v2\/users\/1"}],"replies":[{"embeddable":true,"href":"https:\/\/24hr-fitness.eu\/sk\/wp-json\/wp\/v2\/comments?post=60"}],"version-history":[{"count":25,"href":"https:\/\/24hr-fitness.eu\/sk\/wp-json\/wp\/v2\/pages\/60\/revisions"}],"predecessor-version":[{"id":596,"href":"https:\/\/24hr-fitness.eu\/sk\/wp-json\/wp\/v2\/pages\/60\/revisions\/596"}],"wp:attachment":[{"href":"https:\/\/24hr-fitness.eu\/sk\/wp-json\/wp\/v2\/media?parent=60"}],"curies":[{"name":"wp","href":"https:\/\/api.w.org\/{rel}","templated":true}]}}