{"id":115,"date":"2022-12-26T20:58:39","date_gmt":"2022-12-26T19:58:39","guid":{"rendered":"https:\/\/24hr-fitness.eu\/?page_id=115"},"modified":"2023-11-26T20:51:17","modified_gmt":"2023-11-26T19:51:17","slug":"mainpage","status":"publish","type":"page","link":"https:\/\/24hr-fitness.eu\/sk\/","title":{"rendered":"<p>MainPage<\/p>"},"content":{"rendered":"<div data-elementor-type=\"wp-page\" data-elementor-id=\"115\" class=\"elementor elementor-115\">\n\t\t\t\t\t\t\t\t\t<section class=\"elementor-section elementor-top-section elementor-element elementor-element-2ff8638 elementor-section-full_width elementor-section-height-min-height elementor-section-height-default elementor-section-items-middle wpr-particle-no wpr-jarallax-no wpr-parallax-no wpr-sticky-section-no\" data-id=\"2ff8638\" data-element_type=\"section\">\n\t\t\t\t\t\t<div class=\"elementor-container elementor-column-gap-no\">\n\t\t\t\t\t<div class=\"elementor-column elementor-col-100 elementor-top-column elementor-element elementor-element-feeab5b\" data-id=\"feeab5b\" data-element_type=\"column\">\n\t\t\t<div class=\"elementor-widget-wrap elementor-element-populated\">\n\t\t\t\t\t\t\t\t<div class=\"elementor-element elementor-element-69a910e elementor-widget__width-initial wpr-adv-slider-columns-1 wpr-adv-slider-columns--tablet1 wpr-adv-slider-columns--mobile1 wpr-adv-slides-to-scroll-1 wpr-slider-dots-horizontal elementor-widget elementor-widget-wpr-advanced-slider\" data-id=\"69a910e\" data-element_type=\"widget\" data-settings='{\"slider_amount\":\"1\",\"_animation\":\"none\",\"slider_amount_tablet\":1,\"slider_amount_mobile\":1,\"slides_to_scroll\":1,\"slider_video_btn_size\":\"medium\"}' data-widget_type=\"wpr-advanced-slider.default\">\n\t\t\t\t<div class=\"elementor-widget-container\">\n\t\t\t\n\t\t<!-- Advanced Slider -->\n\t\t<div class=\"wpr-advanced-slider-wrap\">\n\t\t\t\n\t\t\t<div class=\"wpr-advanced-slider\" dir=\"ltr\" data-slick='{\"rtl\":false,\"speed\":700,\"arrows\":true,\"dots\":true,\"autoplay\":false,\"autoplaySpeed\":0,\"pauseOnHover\":\"\",\"prevArrow\":\"#wpr-slider-prev-69a910e\",\"nextArrow\":\"#wpr-slider-next-69a910e\",\"vertical\":false,\"adaptiveHeight\":true}' data-video-btn-size='{\"widescreen\":\"medium\",\"desktop\":\"medium\",\"laptop\":\"medium\",\"tablet_extra\":\"medium\",\"tablet\":\"medium\",\"mobile_extra\":\"medium\",\"mobile\":\"medium\"}' data-slide-effect=\"slide\">\n\t\t\t\t<div class=\"wpr-slider-item elementor-repeater-item-2de5a34\"><div class=\"wpr-slider-item-bg\" style=\"background-image: url(https:\/\/24hr-fitness.eu\/wp-content\/uploads\/2022\/12\/slide-new.jpg)\"><\/div><div class=\"wpr-slider-item-overlay\"><\/div><div class=\"wpr-cv-container\"><div class=\"wpr-cv-outer\"><div class=\"wpr-cv-inner\"><div class=\"wpr-slider-content\"><div class=\"wpr-slider-title\"><h2>\u017dIADNA BOLES\u0164 \u017dIADNY ZISK<\/h2><\/div><div class=\"wpr-slider-description\"><p>BOLES\u0164, ktor\u00fa c\u00edtite dnes, bude SILA, ktor\u00fa poc\u00edtite zajtra<\/p><\/div><div class=\"wpr-slider-btns\"><\/div><\/div><\/div><\/div><\/div><\/div><div class=\"wpr-slider-item elementor-repeater-item-6d9b1a5\"><div class=\"wpr-slider-item-bg\" style=\"background-image: url(https:\/\/24hr-fitness.eu\/wp-content\/uploads\/2022\/12\/woman-workout-fun-gym.webp)\"><\/div><div class=\"wpr-slider-item-overlay\"><\/div><div class=\"wpr-cv-container\"><div class=\"wpr-cv-outer\"><div class=\"wpr-cv-inner\"><div class=\"wpr-slider-content\"><div class=\"wpr-slider-description\"><p>The clock is TICKING , Are you becoming the person you want to be?<\/p><\/div><div class=\"wpr-slider-btns\"><\/div><\/div><\/div><\/div><\/div><\/div><div class=\"wpr-slider-item elementor-repeater-item-c6a6b30\"><div class=\"wpr-slider-item-bg\" style=\"background-image: url(https:\/\/24hr-fitness.eu\/wp-content\/uploads\/2022\/12\/slider3.jpg)\"><\/div><div class=\"wpr-slider-item-overlay\"><\/div><div class=\"wpr-cv-container\"><div class=\"wpr-cv-outer\"><div class=\"wpr-cv-inner\"><div class=\"wpr-slider-content\"><div class=\"wpr-slider-title\"><h2>DEKAJTE SI TELO <\/h2><\/div><div class=\"wpr-slider-btns\"><\/div><\/div><\/div><\/div><\/div><\/div><div class=\"wpr-slider-item elementor-repeater-item-d56a825\"><div class=\"wpr-slider-item-bg\" style=\"background-image: url(https:\/\/24hr-fitness.eu\/wp-content\/uploads\/2022\/12\/149879_00_2x.jpg)\"><\/div><div class=\"wpr-cv-container\"><div class=\"wpr-cv-outer\"><div class=\"wpr-cv-inner\"><\/div><\/div><\/div><\/div>\t\t\t<\/div>\n\t\t\t<div class=\"wpr-slider-controls\">\n\t\t\t\t<div class=\"wpr-slider-dots\"><\/div>\n\t\t\t<\/div>\n\n\t\t\t<div class=\"wpr-slider-arrow-container\">\n\t\t\t\t<div class=\"wpr-slider-prev-arrow wpr-slider-arrow\" id=\"wpr-slider-prev-69a910e\">\n\t\t\t\t\t<i class=\"fas fa-arrow-alt-circle-left\"><\/i>\t\t\t\t<\/div>\n\t\t\t\t<div class=\"wpr-slider-next-arrow wpr-slider-arrow\" id=\"wpr-slider-next-69a910e\">\n\t\t\t\t\t<i class=\"fas fa-arrow-alt-circle-left\"><\/i>\t\t\t\t<\/div>\n\t\t\t<\/div>\n\t\t\t\n\t\t\t\n\t\t<\/div>\n\t\t\t\t<\/div>\n\t\t\t\t<\/div>\n\t\t\t\t\t<\/div>\n\t\t<\/div>\n\t\t\t\t\t\t\t<\/div>\n\t\t<\/section>\n\t\t\t\t<section class=\"elementor-section elementor-top-section elementor-element elementor-element-920628b elementor-section-full_width elementor-section-height-full elementor-section-height-default elementor-section-items-middle wpr-particle-no wpr-jarallax-no wpr-parallax-no wpr-sticky-section-no\" data-id=\"920628b\" data-element_type=\"section\">\n\t\t\t\t\t\t<div class=\"elementor-container elementor-column-gap-default\">\n\t\t\t\t\t<div class=\"elementor-column elementor-col-100 elementor-top-column elementor-element elementor-element-1c5b480\" data-id=\"1c5b480\" data-element_type=\"column\">\n\t\t\t<div class=\"elementor-widget-wrap elementor-element-populated\">\n\t\t\t\t\t\t\t\t<div class=\"elementor-element elementor-element-ee389ad elementor-widget__width-inherit elementor-widget elementor-widget-wpr-flip-carousel\" data-id=\"ee389ad\" data-element_type=\"widget\" data-widget_type=\"wpr-flip-carousel.default\">\n\t\t\t\t<div class=\"elementor-widget-container\">\n\t\t\t<div class=\"wpr-flip-carousel-wrapper\"><div class=\"wpr-flip-carousel\" data-settings='{\"starts_from_center\":\"yes\",\"carousel_type\":\"coverflow\",\"loop\":\"yes\",\"autoplay\":false,\"autoplay_milliseconds\":0,\"pause_on_hover\":false,\"play_on_click\":\"yes\",\"play_on_scroll\":\"yes\",\"pagination_position\":null,\"spacing\":-0.6,\"button_prev\":\"&lt;span class=\\\"wpr-flip-carousel-navigation\\\"&gt;&lt;\\\/span&gt;\",\"button_next\":\"&lt;span class=\\\"wpr-flip-carousel-navigation\\\"&gt;&lt;\\\/span&gt;\",\"pagination_bg_color_hover\":null}'><ul class=\"wpr-flip-items-wrapper\"><li class=\"wpr-flip-item\" data-flip-title=\"\"><figure><a><img decoding=\"async\" alt=\"\" src=\"https:\/\/24hr-fitness.eu\/wp-content\/uploads\/2022\/12\/s-l1600-300x300.png\"><figcaption class=\"flipcaption\"><span style=\"width: 100%\">Pred\u013a\u017eenie chrbta Matix<\/span><\/figcaption><\/a><\/figure><\/li><li class=\"wpr-flip-item\" data-flip-title=\"\"><figure><a><img decoding=\"async\" alt=\"\" src=\"https:\/\/24hr-fitness.eu\/wp-content\/uploads\/2022\/12\/1615210062-46508900-300x300.jpg\"><figcaption class=\"flipcaption\"><span style=\"width: 100%\">Matrix Pec Fly<\/span><\/figcaption><\/a><\/figure><\/li><li class=\"wpr-flip-item\" data-flip-title=\"\"><figure><a><img decoding=\"async\" alt=\"\" src=\"https:\/\/24hr-fitness.eu\/wp-content\/uploads\/2022\/12\/100945-8263086-300x300.jpg\"><figcaption class=\"flipcaption\"><span style=\"width: 100%\">Matrix by mal stla\u010di\u0165<\/span><\/figcaption><\/a><\/figure><\/li><\/ul><\/div><\/div>\t\t<\/div>\n\t\t\t\t<\/div>\n\t\t\t\t\t<\/div>\n\t\t<\/div>\n\t\t\t\t\t\t\t<\/div>\n\t\t<\/section>\n\t\t\t\t<section class=\"elementor-section elementor-top-section elementor-element elementor-element-ad66e3f elementor-section-full_width elementor-section-content-bottom elementor-section-height-default elementor-section-height-default wpr-particle-no wpr-jarallax-no wpr-parallax-no wpr-sticky-section-no\" data-id=\"ad66e3f\" data-element_type=\"section\">\n\t\t\t\t\t\t<div class=\"elementor-container elementor-column-gap-narrow\">\n\t\t\t\t\t<div class=\"elementor-column elementor-col-25 elementor-top-column elementor-element elementor-element-40e8437\" data-id=\"40e8437\" data-element_type=\"column\">\n\t\t\t<div class=\"elementor-widget-wrap elementor-element-populated\">\n\t\t\t\t\t\t\t\t<div class=\"elementor-element elementor-element-c42917c elementor-widget elementor-widget-video\" data-id=\"c42917c\" data-element_type=\"widget\" data-settings='{\"youtube_url\":\"https:\\\/\\\/www.youtube.com\\\/watch?v=VTzm7MyusA0\",\"modestbranding\":\"yes\",\"video_type\":\"youtube\",\"controls\":\"yes\"}' data-widget_type=\"video.default\">\n\t\t\t\t<div class=\"elementor-widget-container\">\n\t\t\t<style>\/*! elementor - v3.17.0 - 08-11-2023 *\/\n.elementor-widget-video .elementor-widget-container{overflow:hidden;transform:translateZ(0)}.elementor-widget-video .elementor-wrapper{aspect-ratio:var(--video-aspect-ratio)}.elementor-widget-video .elementor-wrapper iframe,.elementor-widget-video .elementor-wrapper video{height:100%;width:100%;display:flex;border:none;background-color:#000}@supports not (aspect-ratio:1\/1){.elementor-widget-video .elementor-wrapper{position:relative;overflow:hidden;height:0;padding-bottom:calc(100% \/ var(--video-aspect-ratio))}.elementor-widget-video .elementor-wrapper iframe,.elementor-widget-video .elementor-wrapper video{position:absolute;top:0;right:0;bottom:0;left:0}}.elementor-widget-video .elementor-open-inline .elementor-custom-embed-image-overlay{position:absolute;top:0;right:0;bottom:0;left:0;background-size:cover;background-position:50%}.elementor-widget-video .elementor-custom-embed-image-overlay{cursor:pointer;text-align:center}.elementor-widget-video .elementor-custom-embed-image-overlay:hover .elementor-custom-embed-play i{opacity:1}.elementor-widget-video .elementor-custom-embed-image-overlay img{display:block;width:100%;aspect-ratio:var(--video-aspect-ratio);-o-object-fit:cover;object-fit:cover;-o-object-position:center center;object-position:center center}@supports not (aspect-ratio:1\/1){.elementor-widget-video .elementor-custom-embed-image-overlay{position:relative;overflow:hidden;height:0;padding-bottom:calc(100% \/ var(--video-aspect-ratio))}.elementor-widget-video .elementor-custom-embed-image-overlay img{position:absolute;top:0;right:0;bottom:0;left:0}}.elementor-widget-video .e-hosted-video .elementor-video{-o-object-fit:cover;object-fit:cover}.e-con-inner>.elementor-widget-video,.e-con>.elementor-widget-video{width:var(--container-widget-width);--flex-grow:var(--container-widget-flex-grow)}<\/style>\t\t<div class=\"elementor-wrapper elementor-open-inline\">\n\t\t\t<div class=\"elementor-video\"><\/div>\t\t<\/div>\n\t\t\t\t<\/div>\n\t\t\t\t<\/div>\n\t\t\t\t\t<\/div>\n\t\t<\/div>\n\t\t\t\t<div class=\"elementor-column elementor-col-25 elementor-top-column elementor-element elementor-element-b38a3c4\" data-id=\"b38a3c4\" data-element_type=\"column\">\n\t\t\t<div class=\"elementor-widget-wrap elementor-element-populated\">\n\t\t\t\t\t\t\t\t<div class=\"elementor-element elementor-element-60fdb96 elementor-widget elementor-widget-video\" data-id=\"60fdb96\" data-element_type=\"widget\" data-settings='{\"youtube_url\":\"https:\\\/\\\/www.youtube.com\\\/watch?v=RT-XkMcCQ0Q&amp;t=9s\",\"video_type\":\"youtube\",\"controls\":\"yes\"}' data-widget_type=\"video.default\">\n\t\t\t\t<div class=\"elementor-widget-container\">\n\t\t\t\t\t<div class=\"elementor-wrapper elementor-open-inline\">\n\t\t\t<div class=\"elementor-video\"><\/div>\t\t<\/div>\n\t\t\t\t<\/div>\n\t\t\t\t<\/div>\n\t\t\t\t\t<\/div>\n\t\t<\/div>\n\t\t\t\t<div class=\"elementor-column elementor-col-25 elementor-top-column elementor-element elementor-element-fb52f42\" data-id=\"fb52f42\" data-element_type=\"column\">\n\t\t\t<div class=\"elementor-widget-wrap elementor-element-populated\">\n\t\t\t\t\t\t\t\t<div class=\"elementor-element elementor-element-35baf6f elementor-widget elementor-widget-video\" data-id=\"35baf6f\" data-element_type=\"widget\" data-settings='{\"youtube_url\":\"https:\\\/\\\/www.youtube.com\\\/watch?v=RT-XkMcCQ0Q\",\"video_type\":\"youtube\",\"controls\":\"yes\"}' data-widget_type=\"video.default\">\n\t\t\t\t<div class=\"elementor-widget-container\">\n\t\t\t\t\t<div class=\"elementor-wrapper elementor-open-inline\">\n\t\t\t<div class=\"elementor-video\"><\/div>\t\t<\/div>\n\t\t\t\t<\/div>\n\t\t\t\t<\/div>\n\t\t\t\t\t<\/div>\n\t\t<\/div>\n\t\t\t\t<div class=\"elementor-column elementor-col-25 elementor-top-column elementor-element elementor-element-ac3c5f0\" data-id=\"ac3c5f0\" data-element_type=\"column\">\n\t\t\t<div class=\"elementor-widget-wrap elementor-element-populated\">\n\t\t\t\t\t\t\t\t<div class=\"elementor-element elementor-element-e6962ab elementor-widget elementor-widget-video\" data-id=\"e6962ab\" data-element_type=\"widget\" data-settings='{\"youtube_url\":\"https:\\\/\\\/www.youtube.com\\\/watch?v=4fMkKO4ALtc\",\"video_type\":\"youtube\",\"controls\":\"yes\"}' data-widget_type=\"video.default\">\n\t\t\t\t<div class=\"elementor-widget-container\">\n\t\t\t\t\t<div class=\"elementor-wrapper elementor-open-inline\">\n\t\t\t<div class=\"elementor-video\"><\/div>\t\t<\/div>\n\t\t\t\t<\/div>\n\t\t\t\t<\/div>\n\t\t\t\t\t<\/div>\n\t\t<\/div>\n\t\t\t\t\t\t\t<\/div>\n\t\t<\/section>\n\t\t\t\t<section class=\"elementor-section elementor-top-section elementor-element elementor-element-021426a elementor-section-height-min-height elementor-section-boxed elementor-section-height-default elementor-section-items-middle wpr-particle-no wpr-jarallax-no wpr-parallax-no wpr-sticky-section-no\" data-id=\"021426a\" data-element_type=\"section\">\n\t\t\t\t\t\t<div class=\"elementor-container elementor-column-gap-default\">\n\t\t\t\t\t<div class=\"elementor-column elementor-col-100 elementor-top-column elementor-element elementor-element-2d4d8f7\" data-id=\"2d4d8f7\" data-element_type=\"column\">\n\t\t\t<div class=\"elementor-widget-wrap\">\n\t\t\t\t\t\t\t\t\t<\/div>\n\t\t<\/div>\n\t\t\t\t\t\t\t<\/div>\n\t\t<\/section>\n\t\t\t\t\t\t\t<\/div>","protected":false},"excerpt":{"rendered":"<p>NO PAIN NO GAIN The PAIN you feel today will be the STRENGTH you feel tomorrow The clock is TICKING , Are you becoming the person you want to be? CHISEL YOUR BODY Matix Back Extension Matrix Peck Fly Matrix Should Press https:\/\/www.youtube.com\/watch?v=VTzm7MyusA0https:\/\/www.youtube.com\/watch?v=RT-XkMcCQ0Q&amp;t=9shttps:\/\/www.youtube.com\/watch?v=RT-XkMcCQ0Qhttps:\/\/www.youtube.com\/watch?v=4fMkKO4ALtc<\/p>","protected":false},"author":1,"featured_media":0,"parent":0,"menu_order":0,"comment_status":"closed","ping_status":"closed","template":"elementor_header_footer","meta":{"footnotes":""},"_links":{"self":[{"href":"https:\/\/24hr-fitness.eu\/sk\/wp-json\/wp\/v2\/pages\/115"}],"collection":[{"href":"https:\/\/24hr-fitness.eu\/sk\/wp-json\/wp\/v2\/pages"}],"about":[{"href":"https:\/\/24hr-fitness.eu\/sk\/wp-json\/wp\/v2\/types\/page"}],"author":[{"embeddable":true,"href":"https:\/\/24hr-fitness.eu\/sk\/wp-json\/wp\/v2\/users\/1"}],"replies":[{"embeddable":true,"href":"https:\/\/24hr-fitness.eu\/sk\/wp-json\/wp\/v2\/comments?post=115"}],"version-history":[{"count":89,"href":"https:\/\/24hr-fitness.eu\/sk\/wp-json\/wp\/v2\/pages\/115\/revisions"}],"predecessor-version":[{"id":683,"href":"https:\/\/24hr-fitness.eu\/sk\/wp-json\/wp\/v2\/pages\/115\/revisions\/683"}],"wp:attachment":[{"href":"https:\/\/24hr-fitness.eu\/sk\/wp-json\/wp\/v2\/media?parent=115"}],"curies":[{"name":"wp","href":"https:\/\/api.w.org\/{rel}","templated":true}]}}